{"id":214,"date":"2021-08-17T17:00:17","date_gmt":"2021-08-17T20:00:17","guid":{"rendered":"http:\/\/boramkt.com.br\/?page_id=214"},"modified":"2021-11-01T11:10:56","modified_gmt":"2021-11-01T14:10:56","slug":"who-am-i","status":"publish","type":"page","link":"https:\/\/boramkt.com.br\/?page_id=214","title":{"rendered":"Who am I?"},"content":{"rendered":"\n<p>O que acontece quando mentes criativas e inquietas se unem?<\/p>\n\n\n\n<p>Estudamos, experimentamos, erramos e tentamos sempre at\u00e9 fazer dar certo. Cansados de mais do mesmo, n\u00f3s exploramos o desconhecido. Ao longo desse processo m\u00e1gico, nos encontramos com as nossas cria\u00e7\u00f5es \u00fanicas e vontades exc\u00eantricas, tudo com o \u00fanico objetivo de contar hist\u00f3rias e conectar pessoas aos seus desejos.<\/p>\n\n\n\n<p>Somos a Bora MKT, uma ag\u00eancia de Bel\u00e9m do Par\u00e1 que acredita no colaborativo, no exerc\u00edcio da melhoria constante e na import\u00e2ncia de saber aproveitar a jornada da vida. Com a ajuda da tecnologia, nosso objetivo \u00e9 oferecer os melhores servi\u00e7os para quem quer transformar problemas em solu\u00e7\u00f5es!<\/p>\n\n\n\n<p>Somos uma ag\u00eancia de criativos al\u00e9m do nosso tempo!<\/p>\n\n\n\n<p><\/p>\n\n\n\n<figure class=\"wp-block-gallery columns-3 is-cropped\"><ul class=\"blocks-gallery-grid\"><li class=\"blocks-gallery-item\"><figure><img loading=\"lazy\" width=\"1024\" height=\"683\" src=\"http:\/\/boramkt.com.br\/wp-content\/uploads\/2021\/08\/IMG_9540-1-1024x683.jpg\" alt=\"\" data-id=\"140\" data-full-url=\"http:\/\/boramkt.com.br\/wp-content\/uploads\/2021\/08\/IMG_9540-1-scaled.jpg\" data-link=\"http:\/\/boramkt.com.br\/?attachment_id=140\" class=\"wp-image-140\" srcset=\"https:\/\/boramkt.com.br\/wp-content\/uploads\/2021\/08\/IMG_9540-1-1024x683.jpg 1024w, https:\/\/boramkt.com.br\/wp-content\/uploads\/2021\/08\/IMG_9540-1-300x200.jpg 300w, https:\/\/boramkt.com.br\/wp-content\/uploads\/2021\/08\/IMG_9540-1-768x512.jpg 768w, https:\/\/boramkt.com.br\/wp-content\/uploads\/2021\/08\/IMG_9540-1-1536x1024.jpg 1536w, https:\/\/boramkt.com.br\/wp-content\/uploads\/2021\/08\/IMG_9540-1-2048x1365.jpg 2048w, https:\/\/boramkt.com.br\/wp-content\/uploads\/2021\/08\/IMG_9540-1-450x300.jpg 450w\" sizes=\"(max-width: 1024px) 100vw, 1024px\" \/><\/figure><\/li><li class=\"blocks-gallery-item\"><figure><img loading=\"lazy\" width=\"1024\" height=\"683\" src=\"http:\/\/boramkt.com.br\/wp-content\/uploads\/2021\/08\/IMG_9552-1024x683.jpg\" alt=\"\" data-id=\"142\" data-full-url=\"http:\/\/boramkt.com.br\/wp-content\/uploads\/2021\/08\/IMG_9552-scaled.jpg\" data-link=\"http:\/\/boramkt.com.br\/?attachment_id=142\" class=\"wp-image-142\" srcset=\"https:\/\/boramkt.com.br\/wp-content\/uploads\/2021\/08\/IMG_9552-1024x683.jpg 1024w, https:\/\/boramkt.com.br\/wp-content\/uploads\/2021\/08\/IMG_9552-300x200.jpg 300w, https:\/\/boramkt.com.br\/wp-content\/uploads\/2021\/08\/IMG_9552-768x512.jpg 768w, https:\/\/boramkt.com.br\/wp-content\/uploads\/2021\/08\/IMG_9552-1536x1024.jpg 1536w, https:\/\/boramkt.com.br\/wp-content\/uploads\/2021\/08\/IMG_9552-2048x1365.jpg 2048w, https:\/\/boramkt.com.br\/wp-content\/uploads\/2021\/08\/IMG_9552-450x300.jpg 450w\" sizes=\"(max-width: 1024px) 100vw, 1024px\" \/><\/figure><\/li><li class=\"blocks-gallery-item\"><figure><img loading=\"lazy\" width=\"1024\" height=\"614\" src=\"http:\/\/boramkt.com.br\/wp-content\/uploads\/2021\/08\/cropped-bora-1024x614.jpeg\" alt=\"FH\" data-id=\"46\" data-full-url=\"http:\/\/boramkt.com.br\/wp-content\/uploads\/2021\/08\/cropped-bora.jpeg\" data-link=\"http:\/\/boramkt.com.br\/?attachment_id=46\" class=\"wp-image-46\" srcset=\"https:\/\/boramkt.com.br\/wp-content\/uploads\/2021\/08\/cropped-bora-1024x614.jpeg 1024w, https:\/\/boramkt.com.br\/wp-content\/uploads\/2021\/08\/cropped-bora-300x180.jpeg 300w, https:\/\/boramkt.com.br\/wp-content\/uploads\/2021\/08\/cropped-bora-768x461.jpeg 768w, https:\/\/boramkt.com.br\/wp-content\/uploads\/2021\/08\/cropped-bora-1536x922.jpeg 1536w, https:\/\/boramkt.com.br\/wp-content\/uploads\/2021\/08\/cropped-bora.jpeg 2000w\" sizes=\"(max-width: 1024px) 100vw, 1024px\" \/><\/figure><\/li><\/ul><\/figure>\n\n\n\n<figure class=\"wp-block-gallery columns-2 is-cropped\"><ul class=\"blocks-gallery-grid\"><li class=\"blocks-gallery-item\"><figure><img loading=\"lazy\" width=\"1024\" height=\"682\" src=\"http:\/\/boramkt.com.br\/wp-content\/uploads\/2021\/08\/Borafc-1024x682.jpeg\" alt=\"\" data-id=\"244\" data-full-url=\"http:\/\/boramkt.com.br\/wp-content\/uploads\/2021\/08\/Borafc.jpeg\" data-link=\"http:\/\/boramkt.com.br\/?attachment_id=244\" class=\"wp-image-244\" srcset=\"https:\/\/boramkt.com.br\/wp-content\/uploads\/2021\/08\/Borafc-1024x682.jpeg 1024w, https:\/\/boramkt.com.br\/wp-content\/uploads\/2021\/08\/Borafc-768x512.jpeg 768w, https:\/\/boramkt.com.br\/wp-content\/uploads\/2021\/08\/Borafc-570x380.jpeg 570w, https:\/\/boramkt.com.br\/wp-content\/uploads\/2021\/08\/Borafc-800x533.jpeg 800w, https:\/\/boramkt.com.br\/wp-content\/uploads\/2021\/08\/Borafc-600x400.jpeg 600w, https:\/\/boramkt.com.br\/wp-content\/uploads\/2021\/08\/Borafc-270x180.jpeg 270w, https:\/\/boramkt.com.br\/wp-content\/uploads\/2021\/08\/Borafc.jpeg 1280w\" sizes=\"(max-width: 1024px) 100vw, 1024px\" \/><\/figure><\/li><li class=\"blocks-gallery-item\"><figure><img loading=\"lazy\" width=\"1024\" height=\"576\" src=\"http:\/\/boramkt.com.br\/wp-content\/uploads\/2021\/08\/02-1024x576.png\" alt=\"\" data-id=\"220\" data-full-url=\"http:\/\/boramkt.com.br\/wp-content\/uploads\/2021\/08\/02.png\" data-link=\"http:\/\/boramkt.com.br\/?attachment_id=220\" class=\"wp-image-220\" srcset=\"https:\/\/boramkt.com.br\/wp-content\/uploads\/2021\/08\/02-1024x576.png 1024w, https:\/\/boramkt.com.br\/wp-content\/uploads\/2021\/08\/02-768x432.png 768w, https:\/\/boramkt.com.br\/wp-content\/uploads\/2021\/08\/02-1536x864.png 1536w, https:\/\/boramkt.com.br\/wp-content\/uploads\/2021\/08\/02-676x380.png 676w, https:\/\/boramkt.com.br\/wp-content\/uploads\/2021\/08\/02-800x450.png 800w, https:\/\/boramkt.com.br\/wp-content\/uploads\/2021\/08\/02-320x180.png 320w, https:\/\/boramkt.com.br\/wp-content\/uploads\/2021\/08\/02.png 1920w\" sizes=\"(max-width: 1024px) 100vw, 1024px\" \/><\/figure><\/li><\/ul><\/figure>\n\n\n\n<figure class=\"wp-block-video\"><video controls src=\"http:\/\/boramkt.com.br\/wp-content\/uploads\/2021\/08\/81324840_3265105513559413_9005766913559217333_n.mp4\"><\/video><\/figure>\n","protected":false},"excerpt":{"rendered":"<p>O que acontece quando mentes criativas e inquietas se unem? Estudamos, experimentamos, erramos e tentamos sempre at\u00e9 fazer dar certo. Cansados de mais do mesmo, n\u00f3s exploramos o desconhecido. Ao longo desse processo m\u00e1gico, nos encontramos com as nossas cria\u00e7\u00f5es \u00fanicas e vontades exc\u00eantricas, tudo com o \u00fanico objetivo de contar hist\u00f3rias e conectar pessoas\u2026<\/p>\n","protected":false},"author":1,"featured_media":0,"parent":0,"menu_order":0,"comment_status":"closed","ping_status":"closed","template":"","meta":[],"_links":{"self":[{"href":"https:\/\/boramkt.com.br\/index.php?rest_route=\/wp\/v2\/pages\/214"}],"collection":[{"href":"https:\/\/boramkt.com.br\/index.php?rest_route=\/wp\/v2\/pages"}],"about":[{"href":"https:\/\/boramkt.com.br\/index.php?rest_route=\/wp\/v2\/types\/page"}],"author":[{"embeddable":true,"href":"https:\/\/boramkt.com.br\/index.php?rest_route=\/wp\/v2\/users\/1"}],"replies":[{"embeddable":true,"href":"https:\/\/boramkt.com.br\/index.php?rest_route=%2Fwp%2Fv2%2Fcomments&post=214"}],"version-history":[{"count":7,"href":"https:\/\/boramkt.com.br\/index.php?rest_route=\/wp\/v2\/pages\/214\/revisions"}],"predecessor-version":[{"id":312,"href":"https:\/\/boramkt.com.br\/index.php?rest_route=\/wp\/v2\/pages\/214\/revisions\/312"}],"wp:attachment":[{"href":"https:\/\/boramkt.com.br\/index.php?rest_route=%2Fwp%2Fv2%2Fmedia&parent=214"}],"curies":[{"name":"wp","href":"https:\/\/api.w.org\/{rel}","templated":true}]}}