{"id":261,"date":"2021-09-08T11:17:38","date_gmt":"2021-09-08T14:17:38","guid":{"rendered":"http:\/\/boramkt.com.br\/?page_id=261"},"modified":"2021-09-08T16:30:46","modified_gmt":"2021-09-08T19:30:46","slug":"c","status":"publish","type":"page","link":"https:\/\/boramkt.com.br\/?page_id=261","title":{"rendered":"Clipping"},"content":{"rendered":"\n<h2><\/h2>\n\n\n\n<p>Imagina voc\u00ea poder organizar todas as men\u00e7\u00f5es na m\u00eddia, gerar relat\u00f3rios, analisar resultados, melhorar o posicionamento e o valor da sua marca.<\/p>\n\n\n\n<p>Com a metodologia FOCUS n\u00f3s tornamos isso uma realidade para voc\u00ea. O Clipping \u00e9 uma ferramenta estrat\u00e9gica para o monitoramento de not\u00edcias e men\u00e7\u00f5es de determinado assunto. Esta ferramenta \u00e9 importante para que voc\u00ea possa gerenciar as suas a\u00e7\u00f5es, entender o que o seu p\u00fablico precisa e at\u00e9 mesmo conter crises.<\/p>\n\n\n\n<p>Al\u00e9m disso, \u00e9 poss\u00edvel obter um aumento na valoriza\u00e7\u00e3o da marca. Ao compartilhar as not\u00edcias em seus pr\u00f3prios canais voc\u00ea gera mais engajamento e credibilidade, pois informa\u00e7\u00f5es vindas de terceiros possuem uma melhor absor\u00e7\u00e3o pelo p\u00fablico do que a pr\u00f3pria marca falando de si.<\/p>\n","protected":false},"excerpt":{"rendered":"<p>Imagina voc\u00ea poder organizar todas as men\u00e7\u00f5es na m\u00eddia, gerar relat\u00f3rios, analisar resultados, melhorar o posicionamento e o valor da sua marca. Com a metodologia FOCUS n\u00f3s tornamos isso uma realidade para voc\u00ea. O Clipping \u00e9 uma ferramenta estrat\u00e9gica para o monitoramento de not\u00edcias e men\u00e7\u00f5es de determinado assunto. Esta ferramenta \u00e9 importante para que\u2026<\/p>\n","protected":false},"author":4,"featured_media":0,"parent":0,"menu_order":0,"comment_status":"closed","ping_status":"closed","template":"","meta":[],"_links":{"self":[{"href":"https:\/\/boramkt.com.br\/index.php?rest_route=\/wp\/v2\/pages\/261"}],"collection":[{"href":"https:\/\/boramkt.com.br\/index.php?rest_route=\/wp\/v2\/pages"}],"about":[{"href":"https:\/\/boramkt.com.br\/index.php?rest_route=\/wp\/v2\/types\/page"}],"author":[{"embeddable":true,"href":"https:\/\/boramkt.com.br\/index.php?rest_route=\/wp\/v2\/users\/4"}],"replies":[{"embeddable":true,"href":"https:\/\/boramkt.com.br\/index.php?rest_route=%2Fwp%2Fv2%2Fcomments&post=261"}],"version-history":[{"count":3,"href":"https:\/\/boramkt.com.br\/index.php?rest_route=\/wp\/v2\/pages\/261\/revisions"}],"predecessor-version":[{"id":270,"href":"https:\/\/boramkt.com.br\/index.php?rest_route=\/wp\/v2\/pages\/261\/revisions\/270"}],"wp:attachment":[{"href":"https:\/\/boramkt.com.br\/index.php?rest_route=%2Fwp%2Fv2%2Fmedia&parent=261"}],"curies":[{"name":"wp","href":"https:\/\/api.w.org\/{rel}","templated":true}]}}