{"id":271,"date":"2021-09-08T16:38:26","date_gmt":"2021-09-08T19:38:26","guid":{"rendered":"http:\/\/boramkt.com.br\/?page_id=271"},"modified":"2021-09-09T09:47:03","modified_gmt":"2021-09-09T12:47:03","slug":"assessoria-de-imprensa","status":"publish","type":"page","link":"https:\/\/boramkt.com.br\/?page_id=271","title":{"rendered":"Assessoria de Imprensa"},"content":{"rendered":"\n<p>Por tr\u00e1s de todo o processo de relacionamento com a m\u00eddia est\u00e1 a assessoria de imprensa.<\/p>\n\n\n\n<p><\/p>\n\n\n\n<p>Em tempos os quais a imagem passada pela empresa \u00e9 vista como crucial pelo consumidor, essa \u00e1rea da comunica\u00e7\u00e3o \u00e9 imprescind\u00edvel para o neg\u00f3cio. Assessoria de imprensa \u00e9 uma \u00e1rea que busca criar uma boa rela\u00e7\u00e3o com canais de informa\u00e7\u00e3o e, assim, gerar m\u00eddia espont\u00e2nea para a marca. Muito utilizada na divulga\u00e7\u00e3o de produtos e eventos, ela tamb\u00e9m \u00e9 crucial no gerenciamento de crises.<\/p>\n\n\n\n<p>Dessa forma, o setor de assessoria se mostra essencial para que, n\u00e3o s\u00f3 os produtos, mas tamb\u00e9m as ideias da empresa sejam divulgadas para poss\u00edveis consumidores e garantir mais visibilidade para a marca.<\/p>\n","protected":false},"excerpt":{"rendered":"<p>Por tr\u00e1s de todo o processo de relacionamento com a m\u00eddia est\u00e1 a assessoria de imprensa. Em tempos os quais a imagem passada pela empresa \u00e9 vista como crucial pelo consumidor, essa \u00e1rea da comunica\u00e7\u00e3o \u00e9 imprescind\u00edvel para o neg\u00f3cio. Assessoria de imprensa \u00e9 uma \u00e1rea que busca criar uma boa rela\u00e7\u00e3o com canais de\u2026<\/p>\n","protected":false},"author":4,"featured_media":0,"parent":0,"menu_order":0,"comment_status":"closed","ping_status":"closed","template":"","meta":[],"_links":{"self":[{"href":"https:\/\/boramkt.com.br\/index.php?rest_route=\/wp\/v2\/pages\/271"}],"collection":[{"href":"https:\/\/boramkt.com.br\/index.php?rest_route=\/wp\/v2\/pages"}],"about":[{"href":"https:\/\/boramkt.com.br\/index.php?rest_route=\/wp\/v2\/types\/page"}],"author":[{"embeddable":true,"href":"https:\/\/boramkt.com.br\/index.php?rest_route=\/wp\/v2\/users\/4"}],"replies":[{"embeddable":true,"href":"https:\/\/boramkt.com.br\/index.php?rest_route=%2Fwp%2Fv2%2Fcomments&post=271"}],"version-history":[{"count":2,"href":"https:\/\/boramkt.com.br\/index.php?rest_route=\/wp\/v2\/pages\/271\/revisions"}],"predecessor-version":[{"id":282,"href":"https:\/\/boramkt.com.br\/index.php?rest_route=\/wp\/v2\/pages\/271\/revisions\/282"}],"wp:attachment":[{"href":"https:\/\/boramkt.com.br\/index.php?rest_route=%2Fwp%2Fv2%2Fmedia&parent=271"}],"curies":[{"name":"wp","href":"https:\/\/api.w.org\/{rel}","templated":true}]}}