{"id":274,"date":"2021-09-08T16:44:14","date_gmt":"2021-09-08T19:44:14","guid":{"rendered":"http:\/\/boramkt.com.br\/?page_id=274"},"modified":"2021-11-01T12:13:19","modified_gmt":"2021-11-01T15:13:19","slug":"producao-audiovisual","status":"publish","type":"page","link":"https:\/\/boramkt.com.br\/?page_id=274","title":{"rendered":"Produ\u00e7\u00e3o Audiovisual"},"content":{"rendered":"\n<h3 class=\"has-text-align-center\">O que fazemos?<\/h3>\n\n\n\n<p class=\"has-text-align-center\">Transformamos a inspira\u00e7\u00e3o da sua marca em uma experi\u00eancia visual para os seus clientes. Para isso contamos com v\u00e1rios estilos de audiovisual para atingi-los de maneira mais assertiva.<\/p>\n\n\n\n<h3 class=\"has-text-align-center\">V\u00eddeo animado<\/h3>\n\n\n\n<p class=\"has-text-align-center\">O <strong>V\u00eddeo Animado<\/strong>&nbsp;\u00e9 um dos estilos mais utilizado pelas empresas. A liberdade criativa permitida por esse m\u00e9todo faz com que qualquer tema seja apresentado em um formato inovador, conquistando a aten\u00e7\u00e3o da audi\u00eancia.<\/p>\n\n\n\n<h3 class=\"has-text-align-center\">Motion Graphics<\/h3>\n\n\n\n<p class=\"has-text-align-center\"><strong>Motion graphics<\/strong>&nbsp;\u00e9 o formato que utiliza textos e formas animadas para comunicar, normalmente n\u00e3o possui um storytelling em sua composi\u00e7\u00e3o, sendo utilizado geralmente em casos onde \u00e9 necess\u00e1rio passar uma mensagem forte e din\u00e2mica.<\/p>\n\n\n\n<h3 class=\"has-text-align-center\">Live Action<\/h3>\n\n\n\n<p class=\"has-text-align-center\">No formato <strong>Live Action<\/strong>&nbsp;s\u00e3o utilizados elementos \u201creais\u201d ao inv\u00e9s de cria\u00e7\u00f5es digitais, como no caso da anima\u00e7\u00e3o. Esse tipo de v\u00eddeo \u00e9 bastante utilizado para projetos institucionais, para mostrar a infraestrutura de empresas, seus colaboradores e cobertura de eventos. As imagens utilizadas podem ser captadas pela nossa equipe ou por meio de banco de imagens pr\u00f3prio do contratante.<\/p>\n","protected":false},"excerpt":{"rendered":"<p>O que fazemos? Transformamos a inspira\u00e7\u00e3o da sua marca em uma experi\u00eancia visual para os seus clientes. Para isso contamos com v\u00e1rios estilos de audiovisual para atingi-los de maneira mais assertiva. V\u00eddeo animado O V\u00eddeo Animado&nbsp;\u00e9 um dos estilos mais utilizado pelas empresas. A liberdade criativa permitida por esse m\u00e9todo faz com que qualquer tema\u2026<\/p>\n","protected":false},"author":4,"featured_media":0,"parent":0,"menu_order":0,"comment_status":"closed","ping_status":"closed","template":"","meta":[],"_links":{"self":[{"href":"https:\/\/boramkt.com.br\/index.php?rest_route=\/wp\/v2\/pages\/274"}],"collection":[{"href":"https:\/\/boramkt.com.br\/index.php?rest_route=\/wp\/v2\/pages"}],"about":[{"href":"https:\/\/boramkt.com.br\/index.php?rest_route=\/wp\/v2\/types\/page"}],"author":[{"embeddable":true,"href":"https:\/\/boramkt.com.br\/index.php?rest_route=\/wp\/v2\/users\/4"}],"replies":[{"embeddable":true,"href":"https:\/\/boramkt.com.br\/index.php?rest_route=%2Fwp%2Fv2%2Fcomments&post=274"}],"version-history":[{"count":12,"href":"https:\/\/boramkt.com.br\/index.php?rest_route=\/wp\/v2\/pages\/274\/revisions"}],"predecessor-version":[{"id":314,"href":"https:\/\/boramkt.com.br\/index.php?rest_route=\/wp\/v2\/pages\/274\/revisions\/314"}],"wp:attachment":[{"href":"https:\/\/boramkt.com.br\/index.php?rest_route=%2Fwp%2Fv2%2Fmedia&parent=274"}],"curies":[{"name":"wp","href":"https:\/\/api.w.org\/{rel}","templated":true}]}}