{"id":277,"date":"2021-09-08T16:45:00","date_gmt":"2021-09-08T19:45:00","guid":{"rendered":"http:\/\/boramkt.com.br\/?page_id=277"},"modified":"2021-09-15T10:23:54","modified_gmt":"2021-09-15T13:23:54","slug":"estrutura-de-layout","status":"publish","type":"page","link":"https:\/\/boramkt.com.br\/?page_id=277","title":{"rendered":"Estrutura\u00e7\u00e3o de Layout"},"content":{"rendered":"\n<p>A necessidade de um redesign nasce a partir de movimentos t\u00edpicos e at\u00e9 mesmo constantes do mercado, para que a imagem da empresa se relacione com o p\u00fablico e seus interesses.<\/p>\n\n\n\n<p>Se sua marca \u00e9 apresentada de maneira antiquada para o p\u00fablico mais jovem, ou ent\u00e3o muito moderna para um p\u00fablico mais tradicional, ela pode estar cometendo um erro que far\u00e1 com que sua empresa perca em competitividade, vendas e lucros.<\/p>\n\n\n\n<p>E \u00e9 nisso que o redesign se faz necess\u00e1rio, pois com estudos profissionais do seu p\u00fablico n\u00f3s podemos tornar a sua marca mais eficiente e coerente de acordo com a sua \u00e1rea de atua\u00e7\u00e3o.<\/p>\n","protected":false},"excerpt":{"rendered":"<p>A necessidade de um redesign nasce a partir de movimentos t\u00edpicos e at\u00e9 mesmo constantes do mercado, para que a imagem da empresa se relacione com o p\u00fablico e seus interesses. Se sua marca \u00e9 apresentada de maneira antiquada para o p\u00fablico mais jovem, ou ent\u00e3o muito moderna para um p\u00fablico mais tradicional, ela pode\u2026<\/p>\n","protected":false},"author":4,"featured_media":0,"parent":0,"menu_order":0,"comment_status":"closed","ping_status":"closed","template":"","meta":[],"_links":{"self":[{"href":"https:\/\/boramkt.com.br\/index.php?rest_route=\/wp\/v2\/pages\/277"}],"collection":[{"href":"https:\/\/boramkt.com.br\/index.php?rest_route=\/wp\/v2\/pages"}],"about":[{"href":"https:\/\/boramkt.com.br\/index.php?rest_route=\/wp\/v2\/types\/page"}],"author":[{"embeddable":true,"href":"https:\/\/boramkt.com.br\/index.php?rest_route=\/wp\/v2\/users\/4"}],"replies":[{"embeddable":true,"href":"https:\/\/boramkt.com.br\/index.php?rest_route=%2Fwp%2Fv2%2Fcomments&post=277"}],"version-history":[{"count":4,"href":"https:\/\/boramkt.com.br\/index.php?rest_route=\/wp\/v2\/pages\/277\/revisions"}],"predecessor-version":[{"id":309,"href":"https:\/\/boramkt.com.br\/index.php?rest_route=\/wp\/v2\/pages\/277\/revisions\/309"}],"wp:attachment":[{"href":"https:\/\/boramkt.com.br\/index.php?rest_route=%2Fwp%2Fv2%2Fmedia&parent=277"}],"curies":[{"name":"wp","href":"https:\/\/api.w.org\/{rel}","templated":true}]}}