{"id":42,"date":"2021-08-15T14:58:19","date_gmt":"2021-08-15T17:58:19","guid":{"rendered":"http:\/\/boramkt.com.br\/?page_id=42"},"modified":"2021-08-18T14:43:08","modified_gmt":"2021-08-18T17:43:08","slug":"42-2","status":"publish","type":"page","link":"https:\/\/boramkt.com.br\/?page_id=42","title":{"rendered":"Focus"},"content":{"rendered":"\n<p>Metodologia Focus<\/p>\n\n\n\n<p><\/p>\n\n\n\n<p><strong>1. Introdu\u00e7\u00e3o<\/strong><\/p>\n\n\n\n<p>Em uma era onde o fluxo de informa\u00e7\u00f5es e mudan\u00e7as de comportamento s\u00e3o acontecimentos corriqueiros, \u00e9 preciso manter o foco. Seja nas etapas do processo, no resultado ou no todo, o foco \u00e9 algo mais que necess\u00e1rio para que n\u00e3o nos percamos no desenvolvimento. Foco \u00e9 proveniente da palavra \u201cFocus\u201d, que em latim significa \u201clume\u201d, \u201cfogo\u201d, ou seja, assim como nos tempos primordiais o fogo era importante para iluminar o caminho ou manter os arredores seguros, a palavra foco hoje carrega em si uma import\u00e2ncia similar na elucida\u00e7\u00e3o do caminho a ser seguido.<\/p>\n\n\n\n<p>Seguindo este conceito criamos a Metodologia FOCUS, a fim de proporcionar uma linha de cria\u00e7\u00e3o de conte\u00fado l\u00f3gica e funcional, pois queremos ser a fonte de luz que dissipa a mensagem dos nossos clientes de maneira eficiente e objetiva.<\/p>\n\n\n\n<p><strong>2. Metodologia FOCUS<\/strong><\/p>\n\n\n\n<p>A metodologia Focus consiste em seguir os passos de produ\u00e7\u00e3o de conte\u00fado com clareza e seguran\u00e7a, pois nosso foco \u00e9 no melhor resultado poss\u00edvel. Para isso, a Metodologia FOCUS conta com softwares modernos de capta\u00e7\u00e3o, produ\u00e7\u00e3o, distribui\u00e7\u00e3o e an\u00e1lise de conte\u00fado, tudo para servir os nossos clientes com compet\u00eancia e resultados.<\/p>\n\n\n\n<p><strong>3. Etapas<\/strong><\/p>\n\n\n\n<p>Para que a nossa metodologia funcione de maneira eficaz \u00e9 necess\u00e1rio que sigamos algumas etapas, cada uma delas intrinsecamente conectada \u00e0s outras permitindo o funcionamento completo do todo. Todos os membros da estrutura organizacional da ag\u00eancia precisam ter o conhecimento das etapas da metodologia, para que n\u00e3o existam depend\u00eancias diretas entre setores e assim n\u00e3o tenhamos atrasos.<\/p>\n\n\n\n<p>As etapas principais s\u00e3o, por ordem de funcionamento: Capta\u00e7\u00e3o, Assessoria de Comunica\u00e7\u00e3o, Produ\u00e7\u00e3o de Conte\u00fado, Distribui\u00e7\u00e3o e An\u00e1lise, as quais s\u00e3o explanadas com mais detalhes logo abaixo.<\/p>\n\n\n\n<p><strong>3.1. Capta\u00e7\u00e3o<\/strong><\/p>\n\n\n\n<p>Por muito tempo o clipping foi considerado um recorte de jornal, que apenas indicava o resultado do trabalho das assessorias de imprensa. Mas, com as mudan\u00e7as tecnol\u00f3gicas, o monitoramento de not\u00edcias se modernizou e se transformou em ferramenta estrat\u00e9gica no cotidiano das ag\u00eancias de comunica\u00e7\u00e3o.<\/p>\n\n\n\n<p>Com a din\u00e2mica nova (mas ainda sem dispensar a m\u00eddia tradicional) o monitoramento passou a ser feito em sites, blogs, f\u00f3runs e redes sociais, a fim de captar as not\u00edcias mais estrat\u00e9gicas para seus clientes. Essa vasta gama de material fez com que o clipping refletisse de maneira mais objetiva na imagem e nas a\u00e7\u00f5es estrat\u00e9gicas da marca\/persona.<\/p>\n\n\n\n<p>Para amplificar ainda mais o \u00e2mbito de visibilidade e valor dos clientes utilizamos, na Metodologia FOCUS, ferramentas e recursos humanos que operam na capta\u00e7\u00e3o em m\u00eddias digitais e tradicionais.<\/p>\n\n\n\n<p><\/p>\n\n\n\n<p><strong>3.1.1. M\u00eddias Digitais<\/strong><\/p>\n\n\n\n<p>Uma das vantagens do clipping digital \u00e9 a oportunidade de utilizar a tecnologia e monitorar ve\u00edculos de comunica\u00e7\u00e3o e redes sociais de maneira cont\u00ednua. Alguns sistemas de buscas permitem fazer isso, por meio de cadastramento de palavras-chave e outros termos pr\u00e9- definidos pelos assessorados. Uma das principais ferramentas que utilizamos para capta\u00e7\u00e3o em redes sociais atua com uma base tecnol\u00f3gica e viabiliza em segundos o acesso \u00e0s not\u00edcias e principais informa\u00e7\u00f5es sobre determinado assunto. J\u00e1 na parte de conte\u00fado informativo jornal\u00edstico contamos com profissionais dedicados no recolhimento de sites e blogs.<\/p>\n\n\n\n<p><strong>3.1.2. M\u00eddias Tradicionais<\/strong><\/p>\n\n\n\n<p>As m\u00eddias tradicionais sempre apresentaram uma grande for\u00e7a quando falamos de massifica\u00e7\u00e3o da informa\u00e7\u00e3o. Pois desde a inven\u00e7\u00e3o e larga disponibiliza\u00e7\u00e3o de meios de comunica\u00e7\u00e3o, como o r\u00e1dio e a televis\u00e3o, a informa\u00e7\u00e3o passou a ser mais consumida pela popula\u00e7\u00e3o e de forma mais natural, devido \u00e0 versatilidade no seu consumo: a possibilidade de escutar uma emissora no r\u00e1dio enquanto se conduz ou assistir uma programa\u00e7\u00e3o televisiva enquanto almo\u00e7a.<\/p>\n\n\n\n<p><strong>3.1.3. Execu\u00e7\u00e3o<\/strong><\/p>\n\n\n\n<p>Os profissionais respons\u00e1veis pela capta\u00e7\u00e3o de dados dever\u00e3o entender a ordem de relev\u00e2ncia dos ve\u00edculos de comunica\u00e7\u00e3o para os clientes, o cen\u00e1rio o qual os clientes est\u00e3o envolvidos (ambiental, pol\u00edtico, social, econ\u00f4mico etc), em caso de not\u00edcias verificar se o cliente \u00e9 o assunto principal ou apenas foi citado de maneira equivocada e filtrar conte\u00fado repetido a partir da import\u00e2ncia dos ve\u00edculos de comunica\u00e7\u00e3o. As not\u00edcias captadas precisam ser entregues com uma formata\u00e7\u00e3o padr\u00e3o, como nos exemplos abaixo:<\/p>\n\n\n\n<p><strong>Exemplo 01:<\/strong><\/p>\n\n\n\n<p>Link para o conte\u00fado\/PDF com o conte\u00fado<br>Fonte: Nome do jornal, caderno, n\u00famero da p\u00e1gina Assunto: Breve explica\u00e7\u00e3o do conte\u00fado<br>Data: Formato DD.MM.AAAA<br>Positivo\/Negativo: Natureza do conte\u00fado<\/p>\n\n\n\n<p><strong>Exemplo 02:<\/strong><\/p>\n\n\n\n<p>V\u00eddeo com o conte\u00fado<br>Emissora: Canal o qual foi transmitido o conte\u00fado<br>Programa: Em que parte da programa\u00e7\u00e3o da emissora foi exibido Assunto: Breve explica\u00e7\u00e3o do conte\u00fado<br>Data: Formato DD.MM.AAAA<br>Positivo\/Negativo: Natureza do conte\u00fado<\/p>\n\n\n\n<p><strong>3.2.Assessoria de Comunica\u00e7\u00e3o<\/strong><\/p>\n\n\n\n<p>Etapa na qual o conte\u00fado coletado das m\u00eddias \u00e9 catalogado e analisado, viabilizando a cria\u00e7\u00e3o de conte\u00fado estrat\u00e9gico de resposta\/refor\u00e7o \u00e0 marca\/persona. Os respons\u00e1veis pela assessoria v\u00e3o colher os dados captados e estudar o posicionamento da marca\/persona diante da informa\u00e7\u00e3o e analisar a melhor forma de fazer a divulga\u00e7\u00e3o de um conte\u00fado voltado ao assunto, seja ele em texto, arte digital ou v\u00eddeo.<\/p>\n\n\n\n<p><\/p>\n\n\n\n<p><strong>3.2.1. Repercuss\u00e3o em redes sociais<\/strong><\/p>\n\n\n\n<p>O setor respons\u00e1vel pela assessoria de comunica\u00e7\u00e3o vai estudar o conte\u00fado bruto recebido e filtrar de acordo com os estudos feitos em cima da recep\u00e7\u00e3o que o conte\u00fado ter\u00e1 quando for ao p\u00fablico. Para compreender melhor a repercuss\u00e3o que o conte\u00fado vai ter nas redes sociais precisamos primeiramente saber os tipos de consumidores que podemos encontrar:<\/p>\n\n\n\n<p>\u2022 Curadores: s\u00e3o aqueles usu\u00e1rios extremamente engajados que participam ativamente de discuss\u00f5es e temas de seu interesse, estimulam e gastam tempo gerenciando comunidades ou f\u00f3runs de debates, ditam regras de conviv\u00eancia e moderam o conte\u00fado produzido e trafegado nestes espa\u00e7os. Representam o menor n\u00famero de usu\u00e1rios.<\/p>\n\n\n\n<p>\u2022 Produtores: usu\u00e1rios que criam e produzem conte\u00fado em diversas plataformas e formatos para seus pr\u00f3prios ambientes (blog, p\u00e1ginas de Facebook, entre outros).<\/p>\n\n\n\n<p>\u2022 Comentaristas: n\u00e3o chegam a produzir conte\u00fado em escala, mas s\u00e3o extremamente ativos em debates e cr\u00edticas ao que \u00e9 produzido por outros usu\u00e1rios. Comentam em blogs e contribuem com f\u00f3runs ou comunidades on-line de forma opinativa.<\/p>\n\n\n\n<p>\u2022 Compartilhadores: usu\u00e1rios que est\u00e3o presentes nas m\u00eddias sociais, mas n\u00e3o produzem ou debatem, apenas espalham conte\u00fado produzido para suas pr\u00f3prias redes.<\/p>\n\n\n\n<p>\u2022 Observadores: usu\u00e1rios que participam e possuem perfis nas redes, mas apenas acompanham o que se passa e os conte\u00fados destes ambientes.<\/p>\n\n\n\n<p>A hist\u00f3ria e o avan\u00e7o evolutivo das plataformas digitais de redes sociais est\u00e3o conectadas \u00e0 forma\u00e7\u00e3o de opini\u00e3o p\u00fablica, pela rela\u00e7\u00e3o direta com a exposi\u00e7\u00e3o de uma mensagem para grupos.<\/p>\n\n\n\n<p>Ao iniciar qualquer tipo de estudo de efic\u00e1cia de conte\u00fado de m\u00eddias sociais em larga escala, \u00e9 comum questionar a capacidade de alcance das redes. O processo de forma\u00e7\u00e3o de opini\u00e3o, independente da vis\u00e3o imposta, possui muitas vias e inclui personagens atuantes dentro e fora da rede, pertencentes \u00e0s mais variadas classes sociais e faixas et\u00e1rias. Assim, mesmo em um cen\u00e1rio onde um cidad\u00e3o nunca teve qualquer tipo de contato com a Internet, \u00e9 natural partir do princ\u00edpio de que parte de suas opini\u00f5es ser\u00e3o formadas por outros cidad\u00e3os; e que estes, por sua vez, tiveram alguma esp\u00e9cie de contato com outros grupos sociais, seja de forma f\u00edsica ou virtual.<\/p>\n\n\n\n<p>Esta etapa da nossa metodologia \u00e9 definida por encontrar os melhores meios de comunica\u00e7\u00e3o e a melhor forma de produ\u00e7\u00e3o de conte\u00fado voltado ao p\u00fablico estudado.<\/p>\n\n\n\n<p><strong>3.2.2.Roteiriza\u00e7\u00e3o de V\u00eddeos<\/strong><\/p>\n\n\n\n<p>A prepara\u00e7\u00e3o do conte\u00fado de um bom v\u00eddeo envolve uma etapa extensa de pr\u00e9-produ\u00e7\u00e3o, na qual \u00e9 determinado tudo o que queremos mostrar no v\u00eddeo. Essas ideias s\u00e3o registradas em um documento, conhecido como roteiro, que orientar\u00e1 a grava\u00e7\u00e3o.<\/p>\n\n\n\n<p>O roteiro nada mais \u00e9 do que a descri\u00e7\u00e3o precisa do que acontecer\u00e1 no decorrer do v\u00eddeo, al\u00e9m das falas, prev\u00ea as imagens e os recursos visuais que voc\u00ea utilizar\u00e1 para transmitir sua ideia. Quando voc\u00ea n\u00e3o cria uma hierarquia de informa\u00e7\u00f5es dentro do v\u00eddeo, fica mais dif\u00edcil passar a mensagem de maneira clara e em tempo h\u00e1bil. Al\u00e9m disso, destacamos tamb\u00e9m o investimento em recursos necess\u00e1rios para a execu\u00e7\u00e3o.<\/p>\n\n\n\n<p><\/p>\n\n\n\n<p><strong>3.2.3. Estrutura\u00e7\u00e3o de Layout\/Design para publica\u00e7\u00f5es<\/strong><\/p>\n\n\n\n<p>O objetivo essencial do layout \u00e9 apresentar os elementos visuais e textuais que devem ser comunicados de forma que o leitor possa receb\u00ea-los e compreend\u00ea-los sem fazer tanto esfor\u00e7o, pois com um bom layout o leitor pode visualizar a arte e encontrar as informa\u00e7\u00f5es que necessita sem esfor\u00e7os complicados e cansativos. O layout transforma o conte\u00fado bastante complexo em conte\u00fado acess\u00edvel a todos, compreens\u00edvel e extremamente amig\u00e1vel.<\/p>\n\n\n\n<p>Desta forma buscamos estudar e aplicar uma incorpora\u00e7\u00e3o de identidade visual clara, bonita e \u00fanica, capaz de transmitir a mensagem do cliente. Dependendo da necessidade do conte\u00fado haver\u00e1 uma divis\u00e3o em categorias para as postagens, onde cada tipo de publica\u00e7\u00e3o receber\u00e1 um design exclusivo tendo em base a identidade visual acertada para as redes do cliente. \u00c9 importante a unicidade e a rela\u00e7\u00e3o visual das pe\u00e7as com a imagem do cliente, pois a refer\u00eancia direta\/assimilativa ser\u00e1 um dos principais fatores que v\u00e3o conquistar o p\u00fablico-alvo e faz\u00ea-lo relacionar a mensagem ao contratante.<\/p>\n\n\n\n<p><strong>3.3. Produ\u00e7\u00e3o de Conte\u00fado<\/strong><\/p>\n\n\n\n<p><strong>3.3.1. Organiza\u00e7\u00e3o<\/strong><\/p>\n\n\n\n<p>Para que os arquivos dos projetos estejam acess\u00edveis a todos os integrantes da equipe, faz-se necess\u00e1ria a padroniza\u00e7\u00e3o na organiza\u00e7\u00e3o dos arquivos edit\u00e1veis, finais e recursos. Acompanhe o fluxograma de organiza\u00e7\u00e3o:<\/p>\n\n\n\n<figure class=\"wp-block-image size-full\"><img loading=\"lazy\" width=\"285\" height=\"203\" src=\"http:\/\/boramkt.com.br\/wp-content\/uploads\/2021\/08\/Captura-de-Tela-2021-08-15-a\u0300s-16.52.24.png\" alt=\"\" class=\"wp-image-64\"\/><\/figure>\n\n\n\n<p><\/p>\n\n\n\n<p>A Organiza\u00e7\u00e3o das pastas e arquivos pode se dar de maneira mais simples ou mais complexa, a depender do tipo de atendimento. No entanto, torna-se essencial a nomenclatura adequada para que se tenha maior controle sobre o andamento de projetos.<\/p>\n\n\n\n<p>A pasta de \u201cFontes\u201d dever\u00e1 conter os arquivos de fontes que ser\u00e3o utilizadas no projeto, dispon\u00edveis para instala\u00e7\u00e3o nos computadores dos demais.<\/p>\n\n\n\n<p>A Pasta de \u201cRecursos\u201d dever\u00e1 conter imagens, sons, vetores, logotipos de parceiros e quaisquer outros recursos importantes para viabilizar a cria\u00e7\u00e3o das pe\u00e7as.<\/p>\n\n\n\n<p>A pasta \u201cIdentidade visual\u201d dever\u00e1 conter todos os elementos de identidade visual do cliente (quando houver): logotipo, papelaria, sinaliza\u00e7\u00e3o, elementos de apoio, etc.<\/p>\n\n\n\n<p><\/p>\n\n\n\n<p>A pasta \u201cDocumentos\u201d ser\u00e1 destinada a armazenar documentos importantes como planejamento de redes sociais, or\u00e7amentos, solicita\u00e7\u00f5es, e quaisquer outros documentos contendo informa\u00e7\u00f5es sobre a empresa ou demandas.<\/p>\n\n\n\n<p>A pasta &#8220;Videos&#8221; dever\u00e1 conter arquivos \u201craw\u201d que ser\u00e3o catalogados para as produ\u00e7\u00f5es audiovisuais.<\/p>\n\n\n\n<p>A nomenclatura dos arquivos se dar\u00e1 a partir deste princ\u00edpio:<\/p>\n\n\n\n<p>TIPO CLIENTE \u2013 DATA \u2013 (VERS\u00c3O\/TEMA).extens\u00e3o<\/p>\n\n\n\n<p>Ex.: Card Bora \u2013 01-02-2021 (altera\u00e7\u00e3o 2).PSD<\/p>\n\n\n\n<p>V\u00eddeo EDUCA\u00c7\u00c3O \u2013 15-03-2021 (Inaugura\u00e7\u00e3o das escolas).MP4<\/p>\n\n\n\n<p>Desta forma, \u00e9 poss\u00edvel compreender de quem se trata, data de realiza\u00e7\u00e3o, tipo de demanda e n\u00edvel de execu\u00e7\u00e3o dentro do projeto.<\/p>\n\n\n\n<p>Para o caso de demandas di\u00e1rias, aconselha-se criar uma pasta por dia contendo a data na nomenclatura em cada diret\u00f3rio.<\/p>\n\n\n\n<figure class=\"wp-block-image size-full\"><img loading=\"lazy\" width=\"279\" height=\"241\" src=\"http:\/\/boramkt.com.br\/wp-content\/uploads\/2021\/08\/Captura-de-Tela-2021-08-15-a\u0300s-16.53.56.png\" alt=\"\" class=\"wp-image-65\"\/><\/figure>\n\n\n\n<p><\/p>\n\n\n\n<p><strong>3.3.2. Padroniza\u00e7\u00e3o<\/strong><\/p>\n\n\n\n<p>A produ\u00e7\u00e3o de conte\u00fado dever\u00e1 seguir identidade visual previamente determinada pelo setor de cria\u00e7\u00e3o. Os elementos visuais devem ser respeitados a fim de promover unidade visual e padroniza\u00e7\u00e3o de comunica\u00e7\u00e3o.<\/p>\n\n\n\n<p>A equipe de cria\u00e7\u00e3o dever\u00e1 atentar para a cria\u00e7\u00e3o de logotipos animados, transi\u00e7\u00f5es, letterings e outros elementos de suporte ainda na fase inicial do projeto. Os editores devem solicitar, sempre que necess\u00e1rias, atualiza\u00e7\u00f5es acerca de novos layouts e anima\u00e7\u00f5es que fazem parte da composi\u00e7\u00e3o geral dos meios digitais.<\/p>\n\n\n\n<p><\/p>\n\n\n\n<p><strong>3.3.3 Rotatividade de Cria\u00e7\u00e3o<\/strong><\/p>\n\n\n\n<p>A aten\u00e7\u00e3o na cria\u00e7\u00e3o de cards e conte\u00fado audiovisual em longa escala \u00e9 uma de nossas maiores prioridades, pois facilmente esse tipo de cria\u00e7\u00e3o acaba ficando repetitivo e a recep\u00e7\u00e3o dos mesmos poder\u00e1 ser considerada spam e n\u00e3o mais gerar engajamento. Tendo isso em vista a metodologia FOCUS incentiva os profissionais envolvidos na cria\u00e7\u00e3o a se reunirem, em equipe, para que sejam discutidas novas formas de abordagem na produ\u00e7\u00e3o do conte\u00fado pelo menos uma vez a cada semana (podendo mudar para mais conforme a quantidade de demandas), pois assim evitamos a acomoda\u00e7\u00e3o e discutimos novas maneiras de transmitir a mensagem do cliente.<\/p>\n\n\n\n<p>Desta forma os profissionais de cria\u00e7\u00e3o ficam divididos em grupos de dois ou tr\u00eas (dependendo do tamanho do projeto) os quais ficar\u00e3o encarregados pela produ\u00e7\u00e3o de conte\u00fado por uma semana. Esta organiza\u00e7\u00e3o permite que sempre tenhamos criativos dispon\u00edveis, seja para projetos paralelos ou para atender clientes fixos da ag\u00eancia.<\/p>\n\n\n\n<p><\/p>\n\n\n\n<p><strong>3.4 Distribui\u00e7\u00e3o<\/strong><\/p>\n\n\n\n<p>Nesta etapa o conte\u00fado resultante ser\u00e1 direcionado ao p\u00fablico-alvo do cliente. A partir dos estudos de efic\u00e1cia dos meios de comunica\u00e7\u00e3o, o conte\u00fado ser\u00e1 divulgado \u00e0s massas, objetivando a evid\u00eancia da imagem\/mensagem do cliente.<\/p>\n\n\n\n<p><\/p>\n\n\n\n<p><\/p>\n\n\n\n<p><strong>3.5 An\u00e1lise<\/strong><\/p>\n\n\n\n<p>Etapa final que consiste em viabilizar a tomada de decis\u00f5es ao analisar os resultados parciais e finais do desempenho nos meios digitais. Conseguimos obter uma resposta direta das redes sociais capazes de indicar as estrat\u00e9gias que mais funcionam com o p\u00fablico-alvo do cliente.<\/p>\n\n\n\n<p><strong>3.5.1 Coleta de dados de desempenho em redes sociais<\/strong><\/p>\n\n\n\n<p>Temos \u00e0 disposi\u00e7\u00e3o softwares para coleta de dados de desempenho em redes sociais, a equipe designada dever\u00e1 definir o per\u00edodo o qual os dados ser\u00e3o analisados. A ferramenta de coleta de dados que utilizamos recolhe informa\u00e7\u00f5es das contas gerenciadas, \u00e9 necess\u00e1rio escolher o per\u00edodo mensal que dever\u00e1 ser analisado e gerar o relat\u00f3rio bruto.<\/p>\n\n\n\n<p><strong>3.5.2 Identifica\u00e7\u00e3o de Influenciadores da marca\/persona<\/strong><\/p>\n\n\n\n<p>Com a nossa ferramenta conseguimos filtrar, entre outras op\u00e7\u00f5es, as pessoas que exercem maior influ\u00eancia com o p\u00fablico por comentar sobre a marca\/persona. \u00c9 poss\u00edvel estabelecermos tanto influenciadores positivos quanto negativos, proporcionando assim um caminho para o desenvolvimento de estrat\u00e9gias de marketing que envolvam este tipo de intera\u00e7\u00e3o.<\/p>\n\n\n\n<p><\/p>\n\n\n\n<p><strong>3.5.3 An\u00e1lise da Concorr\u00eancia<\/strong><\/p>\n\n\n\n<p>Ao estudar os resultados do cliente \u00e9 poss\u00edvel tra\u00e7ar uma an\u00e1lise de matriz SWOT que indicar\u00e1 as for\u00e7as, fraquezas, oportunidades e amea\u00e7as que a marca\/persona encontra no mercado. Entre os nossos servi\u00e7os oferecemos o acompanhamento de marcas, personalidades, temas de mercado e mapeamento das a\u00e7\u00f5es dos concorrentes diretos e indiretos, a fim de potencializar o nosso poder comunicativo e responsivo mediante os temas que estiverem sendo abordados.<\/p>\n\n\n\n<p><strong>3.5.4 Elabora\u00e7\u00e3o de Relat\u00f3rios<\/strong><\/p>\n\n\n\n<p>O foco dos relat\u00f3rios \u00e9 coletar informa\u00e7\u00f5es de m\u00eddias sociais e ferramentas digitais, a fim de propiciar ao analista de marketing dados para apresentar a empresas e clientes. A metodologia FOCUS conta com dois tipos de relat\u00f3rios: Rotineiro e Mensal.<\/p>\n\n\n\n<p>O relat\u00f3rio rotineiro consiste em uma an\u00e1lise parcial sobre a marca\/persona em um, dois ou tr\u00eas dias, dependendo do que for acertado com o cliente e da necessidade de avalia\u00e7\u00e3o, este relat\u00f3rio \u00e9 composto por dados como principais tem\u00e1ticas publicadas no dia, buscas relacionadas ao cliente no Google, radar pol\u00edtico, trends do Twitter  e ranking de influenciadores.<\/p>\n\n\n\n<p>J\u00e1 o relat\u00f3rio mensal ir\u00e1 mostrar o crescimento da marca\/persona em dado per\u00edodo de tempo, apontando minuciosamente em que momentos as estrat\u00e9gias foram mais certeiras ou falhas, possibilitando assim um monitoramento de todas as a\u00e7\u00f5es (presentes e futuras) em redes sociais. Neste relat\u00f3rio \u00e9 demonstrado o crescimento de seguidores, as postagens que tiveram destaque, al\u00e9m de dados de engajamento, alcance e impress\u00f5es que os perfis possuem nas redes sociais.<\/p>\n\n\n\n<p><\/p>\n\n\n\n<p><\/p>\n","protected":false},"excerpt":{"rendered":"<p>Metodologia Focus 1. Introdu\u00e7\u00e3o Em uma era onde o fluxo de informa\u00e7\u00f5es e mudan\u00e7as de comportamento s\u00e3o acontecimentos corriqueiros, \u00e9 preciso manter o foco. Seja nas etapas do processo, no resultado ou no todo, o foco \u00e9 algo mais que necess\u00e1rio para que n\u00e3o nos percamos no desenvolvimento. Foco \u00e9 proveniente da palavra \u201cFocus\u201d, que\u2026<\/p>\n","protected":false},"author":1,"featured_media":138,"parent":0,"menu_order":0,"comment_status":"closed","ping_status":"closed","template":"","meta":[],"_links":{"self":[{"href":"https:\/\/boramkt.com.br\/index.php?rest_route=\/wp\/v2\/pages\/42"}],"collection":[{"href":"https:\/\/boramkt.com.br\/index.php?rest_route=\/wp\/v2\/pages"}],"about":[{"href":"https:\/\/boramkt.com.br\/index.php?rest_route=\/wp\/v2\/types\/page"}],"author":[{"embeddable":true,"href":"https:\/\/boramkt.com.br\/index.php?rest_route=\/wp\/v2\/users\/1"}],"replies":[{"embeddable":true,"href":"https:\/\/boramkt.com.br\/index.php?rest_route=%2Fwp%2Fv2%2Fcomments&post=42"}],"version-history":[{"count":18,"href":"https:\/\/boramkt.com.br\/index.php?rest_route=\/wp\/v2\/pages\/42\/revisions"}],"predecessor-version":[{"id":252,"href":"https:\/\/boramkt.com.br\/index.php?rest_route=\/wp\/v2\/pages\/42\/revisions\/252"}],"wp:featuredmedia":[{"embeddable":true,"href":"https:\/\/boramkt.com.br\/index.php?rest_route=\/wp\/v2\/media\/138"}],"wp:attachment":[{"href":"https:\/\/boramkt.com.br\/index.php?rest_route=%2Fwp%2Fv2%2Fmedia&parent=42"}],"curies":[{"name":"wp","href":"https:\/\/api.w.org\/{rel}","templated":true}]}}